{"id":34168,"date":"2026-01-22T11:00:33","date_gmt":"2026-01-22T10:00:33","guid":{"rendered":"https:\/\/reggiadicaserta.cultura.gov.it\/domenica-al-museo\/"},"modified":"2026-01-22T15:32:39","modified_gmt":"2026-01-22T14:32:39","slug":"domenica-al-museo","status":"publish","type":"page","link":"https:\/\/reggiadicaserta.cultura.gov.it\/es\/domenica-al-museo\/","title":{"rendered":"Domingo en el museo (D\u00edas de entrada gratuita)"},"content":{"rendered":"<h2><strong>Pr\u00f3xima fecha:<\/strong> 1 de febrero de 2026<\/h2>\n<p><em>Entradas a la venta en TicketOne desde el 26 de enero de 2026<\/em><\/p>\n<hr \/>\n<p>Los Apartamentos Reales y el Parque Real est\u00e1n abiertos. Las Salas Vanvitelli, el Teatro de la Corte, el Jard\u00edn Ingl\u00e9s y la Gran Galer\u00eda est\u00e1n cerrados.<\/p>\n<p>Para facilitar la recogida de entradas y reducir las colas en la Piazza Carlo di Borbone, una parte de las entradas se distribuir\u00e1 en l\u00ednea en la plataforma TicketOne hasta agotar existencias. El n\u00famero m\u00e1ximo de entradas por cuenta es de 5 (para evitar la reventa de entradas). Otra parte de las entradas estar\u00e1 disponible en la taquilla de la Piazza Carlo di Borbone a partir de las 8:30 h del 1 de febrero, hasta agotar existencias. Todos los visitantes, incluidos los ni\u00f1os de 2 a\u00f1os o m\u00e1s, deben tener una entrada.<\/p>\n<p>Las entradas tienen una franja horaria para acceder al Monumento desde el exterior. No se permite la entrada antes ni despu\u00e9s de esta hora, ni siquiera al Parque Real. Los visitantes que ya tengan entrada deber\u00e1n dirigirse a la puerta central de la Piazza Carlo di Borbone o a la de Corso Giannone a la hora indicada en su billete. Para evitar molestias, se recomienda no esperar delante de las puertas con antelaci\u00f3n.<\/p>\n<p>En la entrada, deber\u00e1 mostrar el c\u00f3digo de barras de la entrada, ya sea en papel o en un tel\u00e9fono inteligente. No se permite volver a entrar al Complejo Vanvitelliano una vez que se haya salido; la entrada ser\u00e1 invalidada. Se crear\u00e1n dos filas separadas en la Piazza Carlo di Borbone: una para los titulares de la entrada \u00abSolo Parque (no Jard\u00edn Ingl\u00e9s)\u00bb y otra para los titulares de la entrada \u00abParque + Apartamentos\u00bb. Los titulares de la entrada Parque + Apartamentos deber\u00e1n visitar primero los Apartamentos y luego el Parque durante el horario de acceso entre las 8:30 y las 13:00. Para visitar los Apartamentos Reales, puede ser necesario hacer cola en el Vest\u00edbulo Superior en determinados momentos.<\/p>\n<p><strong><a href=\"https:\/\/reggiadicaserta.cultura.gov.it\/es\/horarios\/\">Consulte el horario de apertura del Palacio Real de Caserta.<\/a><\/strong><\/p>\n<p>Hay restaurantes disponibles (en la cafeter\u00eda\/buffet del Cannocchiale y en el quiosco y restaurante \u00abDiana e Atteone\u00bb, cerca de la fuente al final del Canal en el Parque Real), as\u00ed como alquiler de bicicletas, lanzaderas y carritos de golf (a la entrada del Parque Real). La librer\u00eda, situada en la planta baja del ala oeste del Palacio Real (tercer patio), y la tienda Le Serre di Graefer, en la antigua caseta de guardia de H\u00e9rcules, al comienzo del Canal, tambi\u00e9n est\u00e1n abiertas.<\/p>\n","protected":false},"excerpt":{"rendered":"<p>Pr\u00f3xima fecha: 1 de febrero de 2026 Entradas a la venta en TicketOne desde el 26 de enero de 2026 Los Apartamentos Reales y el Parque Real est\u00e1n abiertos. Las Salas Vanvitelli, el Teatro de la Corte, el Jard\u00edn Ingl\u00e9s y la Gran Galer\u00eda est\u00e1n cerrados. Para facilitar la recogida de entradas y reducir las&#8230;<\/p>\n","protected":false},"author":7,"featured_media":34169,"parent":0,"menu_order":0,"comment_status":"closed","ping_status":"closed","template":"","meta":{"_acf_changed":false,"content-type":"","footnotes":""},"class_list":["post-34168","page","type-page","status-publish","has-post-thumbnail","hentry"],"acf":[],"yoast_head":"<!-- This site is optimized with the Yoast SEO plugin v27.3 - https:\/\/yoast.com\/product\/yoast-seo-wordpress\/ -->\n<title>Domingo en el museo (D\u00edas de entrada gratuita) - Reggia di Caserta<\/title>\n<meta name=\"robots\" content=\"index, follow, max-snippet:-1, max-image-preview:large, max-video-preview:-1\" \/>\n<link rel=\"canonical\" href=\"https:\/\/reggiadicaserta.cultura.gov.it\/es\/domenica-al-museo\/\" \/>\n<meta property=\"og:locale\" content=\"es_ES\" \/>\n<meta property=\"og:type\" content=\"article\" \/>\n<meta property=\"og:title\" content=\"Domingo en el museo (D\u00edas de entrada gratuita) - Reggia di Caserta\" \/>\n<meta property=\"og:description\" content=\"Pr\u00f3xima fecha: 1 de febrero de 2026 Entradas a la venta en TicketOne desde el 26 de enero de 2026 Los Apartamentos Reales y el Parque Real est\u00e1n abiertos. Las Salas Vanvitelli, el Teatro de la Corte, el Jard\u00edn Ingl\u00e9s y la Gran Galer\u00eda est\u00e1n cerrados. Para facilitar la recogida de entradas y reducir las...\" \/>\n<meta property=\"og:url\" content=\"https:\/\/reggiadicaserta.cultura.gov.it\/es\/domenica-al-museo\/\" \/>\n<meta property=\"og:site_name\" content=\"Reggia di Caserta\" \/>\n<meta property=\"article:modified_time\" content=\"2026-01-22T14:32:39+00:00\" \/>\n<meta property=\"og:image\" content=\"https:\/\/reggiadicaserta.cultura.gov.it\/wp-content\/uploads\/2025\/04\/CMB6757-scaled.jpg\" \/>\n\t<meta property=\"og:image:width\" content=\"2580\" \/>\n\t<meta property=\"og:image:height\" content=\"1720\" \/>\n\t<meta property=\"og:image:type\" content=\"image\/jpeg\" \/>\n<meta name=\"twitter:card\" content=\"summary_large_image\" \/>\n<meta name=\"twitter:label1\" content=\"Tiempo de lectura\" \/>\n\t<meta name=\"twitter:data1\" content=\"3 minutos\" \/>\n<script type=\"application\/ld+json\" class=\"yoast-schema-graph\">{\"@context\":\"https:\\\/\\\/schema.org\",\"@graph\":[{\"@type\":\"WebPage\",\"@id\":\"https:\\\/\\\/reggiadicaserta.cultura.gov.it\\\/es\\\/domenica-al-museo\\\/\",\"url\":\"https:\\\/\\\/reggiadicaserta.cultura.gov.it\\\/es\\\/domenica-al-museo\\\/\",\"name\":\"Domingo en el museo (D\u00edas de entrada gratuita) - Reggia di Caserta\",\"isPartOf\":{\"@id\":\"https:\\\/\\\/reggiadicaserta.cultura.gov.it\\\/#website\"},\"primaryImageOfPage\":{\"@id\":\"https:\\\/\\\/reggiadicaserta.cultura.gov.it\\\/es\\\/domenica-al-museo\\\/#primaryimage\"},\"image\":{\"@id\":\"https:\\\/\\\/reggiadicaserta.cultura.gov.it\\\/es\\\/domenica-al-museo\\\/#primaryimage\"},\"thumbnailUrl\":\"https:\\\/\\\/reggiadicaserta.cultura.gov.it\\\/wp-content\\\/uploads\\\/2025\\\/04\\\/CMB6757-scaled.jpg\",\"datePublished\":\"2026-01-22T10:00:33+00:00\",\"dateModified\":\"2026-01-22T14:32:39+00:00\",\"inLanguage\":\"es\",\"potentialAction\":[{\"@type\":\"ReadAction\",\"target\":[\"https:\\\/\\\/reggiadicaserta.cultura.gov.it\\\/es\\\/domenica-al-museo\\\/\"]}]},{\"@type\":\"ImageObject\",\"inLanguage\":\"es\",\"@id\":\"https:\\\/\\\/reggiadicaserta.cultura.gov.it\\\/es\\\/domenica-al-museo\\\/#primaryimage\",\"url\":\"https:\\\/\\\/reggiadicaserta.cultura.gov.it\\\/wp-content\\\/uploads\\\/2025\\\/04\\\/CMB6757-scaled.jpg\",\"contentUrl\":\"https:\\\/\\\/reggiadicaserta.cultura.gov.it\\\/wp-content\\\/uploads\\\/2025\\\/04\\\/CMB6757-scaled.jpg\",\"width\":2580,\"height\":1720},{\"@type\":\"WebSite\",\"@id\":\"https:\\\/\\\/reggiadicaserta.cultura.gov.it\\\/#website\",\"url\":\"https:\\\/\\\/reggiadicaserta.cultura.gov.it\\\/\",\"name\":\"Reggia di Caserta\",\"description\":\"Vivi la meraviglia!\",\"potentialAction\":[{\"@type\":\"SearchAction\",\"target\":{\"@type\":\"EntryPoint\",\"urlTemplate\":\"https:\\\/\\\/reggiadicaserta.cultura.gov.it\\\/?s={search_term_string}\"},\"query-input\":{\"@type\":\"PropertyValueSpecification\",\"valueRequired\":true,\"valueName\":\"search_term_string\"}}],\"inLanguage\":\"es\"}]}<\/script>\n<!-- \/ Yoast SEO plugin. -->","yoast_head_json":{"title":"Domingo en el museo (D\u00edas de entrada gratuita) - Reggia di Caserta","robots":{"index":"index","follow":"follow","max-snippet":"max-snippet:-1","max-image-preview":"max-image-preview:large","max-video-preview":"max-video-preview:-1"},"canonical":"https:\/\/reggiadicaserta.cultura.gov.it\/es\/domenica-al-museo\/","og_locale":"es_ES","og_type":"article","og_title":"Domingo en el museo (D\u00edas de entrada gratuita) - Reggia di Caserta","og_description":"Pr\u00f3xima fecha: 1 de febrero de 2026 Entradas a la venta en TicketOne desde el 26 de enero de 2026 Los Apartamentos Reales y el Parque Real est\u00e1n abiertos. Las Salas Vanvitelli, el Teatro de la Corte, el Jard\u00edn Ingl\u00e9s y la Gran Galer\u00eda est\u00e1n cerrados. Para facilitar la recogida de entradas y reducir las...","og_url":"https:\/\/reggiadicaserta.cultura.gov.it\/es\/domenica-al-museo\/","og_site_name":"Reggia di Caserta","article_modified_time":"2026-01-22T14:32:39+00:00","og_image":[{"width":2580,"height":1720,"url":"https:\/\/reggiadicaserta.cultura.gov.it\/wp-content\/uploads\/2025\/04\/CMB6757-scaled.jpg","type":"image\/jpeg"}],"twitter_card":"summary_large_image","twitter_misc":{"Tiempo de lectura":"3 minutos"},"schema":{"@context":"https:\/\/schema.org","@graph":[{"@type":"WebPage","@id":"https:\/\/reggiadicaserta.cultura.gov.it\/es\/domenica-al-museo\/","url":"https:\/\/reggiadicaserta.cultura.gov.it\/es\/domenica-al-museo\/","name":"Domingo en el museo (D\u00edas de entrada gratuita) - Reggia di Caserta","isPartOf":{"@id":"https:\/\/reggiadicaserta.cultura.gov.it\/#website"},"primaryImageOfPage":{"@id":"https:\/\/reggiadicaserta.cultura.gov.it\/es\/domenica-al-museo\/#primaryimage"},"image":{"@id":"https:\/\/reggiadicaserta.cultura.gov.it\/es\/domenica-al-museo\/#primaryimage"},"thumbnailUrl":"https:\/\/reggiadicaserta.cultura.gov.it\/wp-content\/uploads\/2025\/04\/CMB6757-scaled.jpg","datePublished":"2026-01-22T10:00:33+00:00","dateModified":"2026-01-22T14:32:39+00:00","inLanguage":"es","potentialAction":[{"@type":"ReadAction","target":["https:\/\/reggiadicaserta.cultura.gov.it\/es\/domenica-al-museo\/"]}]},{"@type":"ImageObject","inLanguage":"es","@id":"https:\/\/reggiadicaserta.cultura.gov.it\/es\/domenica-al-museo\/#primaryimage","url":"https:\/\/reggiadicaserta.cultura.gov.it\/wp-content\/uploads\/2025\/04\/CMB6757-scaled.jpg","contentUrl":"https:\/\/reggiadicaserta.cultura.gov.it\/wp-content\/uploads\/2025\/04\/CMB6757-scaled.jpg","width":2580,"height":1720},{"@type":"WebSite","@id":"https:\/\/reggiadicaserta.cultura.gov.it\/#website","url":"https:\/\/reggiadicaserta.cultura.gov.it\/","name":"Reggia di Caserta","description":"Vivi la meraviglia!","potentialAction":[{"@type":"SearchAction","target":{"@type":"EntryPoint","urlTemplate":"https:\/\/reggiadicaserta.cultura.gov.it\/?s={search_term_string}"},"query-input":{"@type":"PropertyValueSpecification","valueRequired":true,"valueName":"search_term_string"}}],"inLanguage":"es"}]}},"_links":{"self":[{"href":"https:\/\/reggiadicaserta.cultura.gov.it\/es\/wp-json\/wp\/v2\/pages\/34168","targetHints":{"allow":["GET"]}}],"collection":[{"href":"https:\/\/reggiadicaserta.cultura.gov.it\/es\/wp-json\/wp\/v2\/pages"}],"about":[{"href":"https:\/\/reggiadicaserta.cultura.gov.it\/es\/wp-json\/wp\/v2\/types\/page"}],"author":[{"embeddable":true,"href":"https:\/\/reggiadicaserta.cultura.gov.it\/es\/wp-json\/wp\/v2\/users\/7"}],"replies":[{"embeddable":true,"href":"https:\/\/reggiadicaserta.cultura.gov.it\/es\/wp-json\/wp\/v2\/comments?post=34168"}],"version-history":[{"count":3,"href":"https:\/\/reggiadicaserta.cultura.gov.it\/es\/wp-json\/wp\/v2\/pages\/34168\/revisions"}],"predecessor-version":[{"id":34174,"href":"https:\/\/reggiadicaserta.cultura.gov.it\/es\/wp-json\/wp\/v2\/pages\/34168\/revisions\/34174"}],"wp:featuredmedia":[{"embeddable":true,"href":"https:\/\/reggiadicaserta.cultura.gov.it\/es\/wp-json\/wp\/v2\/media\/34169"}],"wp:attachment":[{"href":"https:\/\/reggiadicaserta.cultura.gov.it\/es\/wp-json\/wp\/v2\/media?parent=34168"}],"curies":[{"name":"wp","href":"https:\/\/api.w.org\/{rel}","templated":true}]}}