{"id":32906,"date":"2022-04-28T12:08:27","date_gmt":"2022-04-28T10:08:27","guid":{"rendered":"https:\/\/reggiadicaserta.cultura.gov.it\/?page_id=32906"},"modified":"2025-11-27T15:27:46","modified_gmt":"2025-11-27T14:27:46","slug":"contactos","status":"publish","type":"page","link":"https:\/\/reggiadicaserta.cultura.gov.it\/es\/contactos\/","title":{"rendered":"Contactos"},"content":{"rendered":"<h3>CONTACTOS OFICINAS REAL SITIO DE CASERTA<\/h3>\n<h4>\u00c1REA FUNCIONAL 1: DIRECCI\u00d3N<\/h4>\n<p><em><strong>Secretario administrativo<br \/>\n<\/strong><\/em><a href=\"mailto:fabio.rossiprudente@cultura.gov.it\">Fabio Rossi Prudente<\/a> 0823 1491247<\/p>\n<p><strong><em>Secretar\u00eda del Director, relaciones con los \u00f3rganos institucionales, registro y gesti\u00f3n documental<br \/>\n<\/em><\/strong><a href=\"mailto:domenico.esposito-03@cultura.gov.it\">Domenico Esposito<\/a> (Responsable de registro y gesti\u00f3n documental) 0823 1491203<br \/>\n<a href=\"mailto:annamaria.cefalo@cultura.gov.it\">Annamaria Cefalo <\/a>0823 1491203<br \/>\n<a href=\"mailto:emanuela.cinotti@cultura.gov.it\">Emanuela Cinotti<\/a> 0823 1491202<br \/>\n<a href=\"mailto:federica.fusco@cultura.gov.it\">Federica Fusco<\/a> 0823 1491203<br \/>\n<a href=\"mailto:veronica.russo@cultura.gov.it\">Veronica Russo<\/a>\u00a00823 1491202<\/p>\n<p><em><strong>Concesiones de uso, trabajos para terceros, plan comisarial, contencioso, transparencia<br \/>\n<\/strong><\/em><a href=\"mailto:giuseppina.capri@cultura.gov.it\">Giuseppina Capri<\/a> (Responsable del servicio) 0823 1491265<br \/>\n<a href=\"mailto:laura.frangiosa@cultura.gov.it\">Laura Frangiosa<\/a> 0823 1491260<br \/>\n<a href=\"mailto:federica.fusco@cultura.gov.it\">Federica Fusco<\/a> 0823 1491203<\/p>\n<p><strong><em>Planificaci\u00f3n y desarrollo, procedimientos de licitaci\u00f3n y contratos<br \/>\n<\/em><\/strong><a href=\"mailto:fabio.rossiprudente@cultura.gov.it\">Fabio Rossi Prudente<\/a> (Responsable del servicio) 0823 1491247<br \/>\n<a href=\"mailto:domenico.esposito-03@cultura.gov.it\">Domenico Esposito<\/a> 0823 1491203<br \/>\n<a href=\"mailto:ida.dellunto@cultura.gov.it\">Ida Dell\u2019Unto<\/a> 0823 1491221<br \/>\n<a href=\"mailto:elena.marottidesciarra@cultura.gov.it\">Elena Marotti De Sciarra<\/a>\u00a00823 1491260<br \/>\n<a href=\"mailto:caterina.foglia@cultura.gov.it\">Caterina Foglia<\/a> 0823 1491260<br \/>\n<a href=\"mailto:florinda.lella@cultura.gov.it\">Florinda Lella<\/a> 0823 1491221<\/p>\n<p>&nbsp;<\/p>\n<h4>\u00c1REA FUNCIONAL 2: CUIDADO Y GESTI\u00d3N DE LAS COLECCIONES, EDUCACI\u00d3N E INVESTIGACI\u00d3N<\/h4>\n<p><em><strong>Cuidado y gesti\u00f3n del Patrimonio hist\u00f3rico-art\u00edstico<br \/>\n<\/strong><\/em><a href=\"mailto:anna.manzone@cultura.gov.it\">Anna Manzone<\/a> (Responsable del servicio) 0823 1491204<br \/>\n<a href=\"mirko.iannone@cultura.gov.it\">Mirko Iannone<\/a> 0823 1491244<\/p>\n<p><em><strong>Inventario y cat\u00e1logo del patrimonio mueble, Colecciones, equipamientos y herramientas<\/strong><\/em><br \/>\n<a href=\"mailto:antonella.diana@cultura.gov.it\">Antonella Diana<\/a> (Responsable del servicio) 0823 1491244<\/p>\n<p><em><strong>Biblioteca Palatina, Archivo Hist\u00f3rico, Fotogr\u00e1fico, Digitalizaci\u00f3n<br \/>\n<\/strong><\/em><a href=\"mailto:gennaro.tortino@cultura.gov.it\">Gennaro Tortino\u00a0<\/a>(Responsable del servicio) 0823 1491207<\/p>\n<p><em><strong>Educaci\u00f3n y mediaci\u00f3n<br \/>\n<\/strong><\/em><a href=\"mailto:vincenzo.mazzarella@cultura.gov.it\">Vincenzo Mazzarella<\/a> (Responsable del servicio) 0823 1491204<br \/>\n<a href=\"mailto:marianna.merolle@cultura.gov.it\">Marianna Merolle<\/a> 0823 1491244<br \/>\n<a href=\"mailto:emilia.ludovici@cultura.gov.it\">Emilia Ludovici<\/a> 0823 1491244<\/p>\n<p>&nbsp;<\/p>\n<h4>\u00c1REA FUNCIONAL 3: MARKETING, FUNDRAISING, SERVICIOS Y RELACIONES CON EL P\u00daBLICO<\/h4>\n<p><strong>Coordinadora: Valeria di Fratta<\/strong><\/p>\n<p><em><strong>Comunicaci\u00f3n, valorizaci\u00f3n y promoci\u00f3n<br \/>\n<\/strong><\/em><a href=\"mailto:valeria.difratta@cultura.gov.it\">Valeria Di Fratta<\/a> (Responsable del servicio) 0823 1491212<br \/>\n<a href=\"mailto:graziano.aletta@cultura.gov.it\">Graziano Aletta<\/a> 0823 1491212<br \/>\n<a href=\"mailto:raffaele.orlando@cultura.gov.it\">Raffaele Orlando<\/a> 0823 1491212<br \/>\n<a href=\"valeria.lombardi@cultura.gov.it\">Valeria Lombardi<\/a> 0823 1491212<\/p>\n<p><em><strong>Relaciones con el p\u00fablico, relaciones con la prensa y comunicaci\u00f3n web y redes sociales<br \/>\n<\/strong><\/em><a href=\"mailto:antonella.giannattasio@cultura.gov.it\">Antonella Giannattasio<\/a> (Responsable del servicio) 0823 1491206<br \/>\n<a href=\"mailto:davide.racca@cultura.gov.it\">Davide Racca<\/a> 08231491206<br \/>\n<a href=\"mailto:marco.ferraro@cultura.gov.it\">Marco Ferraro<\/a> 08231491206<br \/>\n<a href=\"armando.traglia@cultura.gov.it\">Armando Traglia<\/a> 08231491206<\/p>\n<p><em><strong>Vigilancia y acogida<br \/>\n<\/strong><\/em><a href=\"mailto:antonella.giannattasio@cultura.gov.it\">Antonella Giannattasio<\/a> (Responsable del servicio) 0823 1491206<br \/>\n<a href=\"mailto:sofia.cristiano@cultura.gov.it\">Sofia Cristiano<\/a> 0823 1491244<br \/>\n<a href=\"mailto:rosa.demartino@cultura.gov.it\">Rosa De Martino<\/a> 0823 1491206<br \/>\n<a href=\"mailto:re-ce.coordinatorivigilanza@cultura.gov.it\">Coordinatori<\/a> 0823 1491253<\/p>\n<p>&nbsp;<\/p>\n<h4><strong>\u00c1REA FUNCIONAL 4: ADMINISTRACI\u00d3N, FINANZAS Y GESTI\u00d3N DE LOS RECURSOS HUMANOS <\/strong><\/h4>\n<p><strong>Coordinadora: Filomena Aragosa<\/strong><\/p>\n<p><em><strong>Presupuesto, Contabilidad, Concesi\u00f3n de servicios, Compras<br \/>\n<\/strong><\/em><a href=\"mailto:filomena.aragosa@cultura.gov.it\">Filomena Aragosa<\/a> (Responsable del servicio) 0823 1491247<br \/>\n<a href=\"mailto:ilaria.iorio@cultura.gov.it\">Ilaria Iorio<\/a> 0823 1491246<br \/>\n<a href=\"mailto:alessandro.manfredi@cultura.gov.it\">Alessandro Manfredi<\/a> 0823 1491246<br \/>\n<a href=\"mailto:vincenzo.vitiello@cultura.gov.it\">Vincenzo Vitiello<\/a>\u00a00823 1491246<\/p>\n<p><em><strong>Depositario de bienes muebles<br \/>\n<\/strong><\/em><a href=\"mailto:salvatore.postiglione@cultura.gov.it\">Salvatore Postiglione<\/a> 0823 1491209<\/p>\n<p><em><strong>Recursos humanos y relaciones sindicales<\/strong><\/em><br \/>\n<a href=\"mailto:daniela.diana@cultura.gov.it\">Daniela Diana<\/a> (Responsable del servicio) 0823 1491240<br \/>\n<a href=\"mailto:mariagrazia.cappelli@cultura.gov.it\">Mariagrazia Cappelli<\/a> 0823 1491238<br \/>\n<a href=\"mailto:anna.cecere@cultura.gov.it\">Anna Cecere<\/a> 0823 1491230<br \/>\n<a href=\"mailto:vincenzo.locascio@cultura.gov.it\">Vincenzo Lo Cascio<\/a> 0823 1491230<br \/>\n<a href=\"mailto:luigi.scaringia@cultura.gov.it\">Luigi Scaringia<\/a> 0823 1491238<br \/>\n<a href=\"mailto:simona.tosato@cultura.gov.it\">Simona Tosato<\/a> 0823 1491230<br \/>\n<a href=\"mailto:raffaeleciro.viscovo@cultura.gov.it\">Raffaele Ciro Viscovo<\/a> 0823 1491238<\/p>\n<p>&nbsp;<\/p>\n<h4>\u00c1REA FUNCIONAL 5: ESTRUCTURAS, MONTAJES Y SEGURIDAD<\/h4>\n<p><strong>Coordinadora: Barbara Del Prete<\/strong><\/p>\n<p><em><strong>Salvaguardia y valorizaci\u00f3n del complejo vanvitelliano<br \/>\n<\/strong><\/em><a href=\"mailto:barbara.delprete@cultura.gov.it\">Barbara Del Prete<\/a> (Responsable del servicio) 0823 1491239<br \/>\n<a href=\"mailto:giuseppe.digennaro@cultura.gov.it\">Giuseppe Di Gennaro<\/a> 0823 1491239<br \/>\n<a href=\"mailto:mariacarmela.lombardo@cultura.gov.it\">Maria Carmela Lombardo<\/a> 0823 1491242<br \/>\n<a href=\"mailto:cuonoantonio.pannella@cultura.gov.it\">Cuono Antonio Pannella<\/a> 0823 1491242<br \/>\n<a href=\"mailto:anna.pappalardo@cultura.gov.it\">Anna Pappalardo<\/a> 0823 1491243<br \/>\n<a href=\"mailto:elvira.viola@cultura.gov.it\">Elvira Viola<\/a> 0823 1491213<\/p>\n<p><em><strong>Salvaguardia y valorizaci\u00f3n del complejo del Parque<br \/>\n<\/strong><\/em><a href=\"mailto:giovanna.rauccio@cultura.gov.it\">Giovanna Rauccio<\/a> (Responsable del servicio) 0823 1491243<br \/>\n<a href=\"mailto:antonio.disarno@cultura.gov.it\">Antonio Di Sarno<\/a> 0823 1491243<br \/>\n<a href=\"mailto:francesco.torrico@cultura.gov.it\">Francesco Torrico<\/a> 0823 1491243<br \/>\n<a href=\"mailto:paola.viola@cultura.gov.it\">Paola Viola<\/a>\u00a00823 1491243<\/p>\n<p><em><strong>Protecci\u00f3n y valorizaci\u00f3n del Bosque de San Silvestro y del Acueducto Carolino<br \/>\n<\/strong><\/em><a href=\"mailto:leonardo.ancona@cultura.gov.it\">Leonardo Ancona<\/a> (Responsable del servicio) 0823 1491241<br \/>\n<a href=\"mailto:domenico.vallone@cultura.gov.it\">Domenico Vallone<\/a> 0823 1491241<\/p>\n<p><em><strong>Mantenimiento de instalaciones y seguridad<\/strong><\/em><br \/>\n<a href=\"mailto:addolorata.bilardi@cultura.gov.it\">Addolorata Bilardi<\/a> (Responsable del servicio) 0823 1491209<br \/>\n<a href=\"mailto:gelsomina.crudale@cultura.gov.it\">Gelsomina Crudale<\/a> 0823 1491209<br \/>\n<a href=\"mailto:francesco.leone@cultura.gov.it\">Francesco Leone<\/a> 0823 1491209<br \/>\n<a href=\"mailto:valentino.paradiso@cultura.gov.it\">Valentino Paradiso<\/a> 0823 1491242<br \/>\n<a href=\"mailto:thomas.scalera@cultura.gov.it\">Thomas Scalera<\/a> 0823 1491223<\/p>\n","protected":false},"excerpt":{"rendered":"<p>CONTACTOS OFICINAS REAL SITIO DE CASERTA \u00c1REA FUNCIONAL 1: DIRECCI\u00d3N Secretario administrativo Fabio Rossi Prudente 0823 1491247 Secretar\u00eda del Director, relaciones con los \u00f3rganos institucionales, registro y gesti\u00f3n documental Domenico Esposito (Responsable de registro y gesti\u00f3n documental) 0823 1491203 Annamaria Cefalo 0823 1491203 Emanuela Cinotti 0823 1491202 Federica Fusco 0823 1491203 Veronica Russo\u00a00823 1491202 Concesiones&#8230;<\/p>\n","protected":false},"author":3,"featured_media":32910,"parent":0,"menu_order":0,"comment_status":"closed","ping_status":"closed","template":"","meta":{"_acf_changed":false,"content-type":"","footnotes":""},"class_list":["post-32906","page","type-page","status-publish","has-post-thumbnail","hentry"],"acf":[],"yoast_head":"<!-- This site is optimized with the Yoast SEO plugin v27.3 - https:\/\/yoast.com\/product\/yoast-seo-wordpress\/ -->\n<title>Contactos - Reggia di Caserta<\/title>\n<meta name=\"robots\" content=\"index, follow, max-snippet:-1, max-image-preview:large, max-video-preview:-1\" \/>\n<link rel=\"canonical\" href=\"https:\/\/reggiadicaserta.cultura.gov.it\/es\/contactos\/\" \/>\n<meta property=\"og:locale\" content=\"es_ES\" \/>\n<meta property=\"og:type\" content=\"article\" \/>\n<meta property=\"og:title\" content=\"Contactos - Reggia di Caserta\" \/>\n<meta property=\"og:description\" content=\"CONTACTOS OFICINAS REAL SITIO DE CASERTA \u00c1REA FUNCIONAL 1: DIRECCI\u00d3N Secretario administrativo Fabio Rossi Prudente 0823 1491247 Secretar\u00eda del Director, relaciones con los \u00f3rganos institucionales, registro y gesti\u00f3n documental Domenico Esposito (Responsable de registro y gesti\u00f3n documental) 0823 1491203 Annamaria Cefalo 0823 1491203 Emanuela Cinotti 0823 1491202 Federica Fusco 0823 1491203 Veronica Russo\u00a00823 1491202 Concesiones...\" \/>\n<meta property=\"og:url\" content=\"https:\/\/reggiadicaserta.cultura.gov.it\/es\/contactos\/\" \/>\n<meta property=\"og:site_name\" content=\"Reggia di Caserta\" \/>\n<meta property=\"article:modified_time\" content=\"2025-11-27T14:27:46+00:00\" \/>\n<meta property=\"og:image\" content=\"https:\/\/reggiadicaserta.cultura.gov.it\/wp-content\/uploads\/2022\/06\/Fb_pagina-ufficiale-Reggia-di-Caserta_copertina.jpg\" \/>\n\t<meta property=\"og:image:width\" content=\"2048\" \/>\n\t<meta property=\"og:image:height\" content=\"1365\" \/>\n\t<meta property=\"og:image:type\" content=\"image\/jpeg\" \/>\n<meta name=\"twitter:card\" content=\"summary_large_image\" \/>\n<meta name=\"twitter:label1\" content=\"Tiempo de lectura\" \/>\n\t<meta name=\"twitter:data1\" content=\"3 minutos\" \/>\n<script type=\"application\/ld+json\" class=\"yoast-schema-graph\">{\"@context\":\"https:\\\/\\\/schema.org\",\"@graph\":[{\"@type\":\"WebPage\",\"@id\":\"https:\\\/\\\/reggiadicaserta.cultura.gov.it\\\/es\\\/contactos\\\/\",\"url\":\"https:\\\/\\\/reggiadicaserta.cultura.gov.it\\\/es\\\/contactos\\\/\",\"name\":\"Contactos - Reggia di Caserta\",\"isPartOf\":{\"@id\":\"https:\\\/\\\/reggiadicaserta.cultura.gov.it\\\/#website\"},\"primaryImageOfPage\":{\"@id\":\"https:\\\/\\\/reggiadicaserta.cultura.gov.it\\\/es\\\/contactos\\\/#primaryimage\"},\"image\":{\"@id\":\"https:\\\/\\\/reggiadicaserta.cultura.gov.it\\\/es\\\/contactos\\\/#primaryimage\"},\"thumbnailUrl\":\"https:\\\/\\\/reggiadicaserta.cultura.gov.it\\\/wp-content\\\/uploads\\\/2022\\\/06\\\/Fb_pagina-ufficiale-Reggia-di-Caserta_copertina.jpg\",\"datePublished\":\"2022-04-28T10:08:27+00:00\",\"dateModified\":\"2025-11-27T14:27:46+00:00\",\"inLanguage\":\"es\",\"potentialAction\":[{\"@type\":\"ReadAction\",\"target\":[\"https:\\\/\\\/reggiadicaserta.cultura.gov.it\\\/es\\\/contactos\\\/\"]}]},{\"@type\":\"ImageObject\",\"inLanguage\":\"es\",\"@id\":\"https:\\\/\\\/reggiadicaserta.cultura.gov.it\\\/es\\\/contactos\\\/#primaryimage\",\"url\":\"https:\\\/\\\/reggiadicaserta.cultura.gov.it\\\/wp-content\\\/uploads\\\/2022\\\/06\\\/Fb_pagina-ufficiale-Reggia-di-Caserta_copertina.jpg\",\"contentUrl\":\"https:\\\/\\\/reggiadicaserta.cultura.gov.it\\\/wp-content\\\/uploads\\\/2022\\\/06\\\/Fb_pagina-ufficiale-Reggia-di-Caserta_copertina.jpg\",\"width\":2048,\"height\":1365},{\"@type\":\"WebSite\",\"@id\":\"https:\\\/\\\/reggiadicaserta.cultura.gov.it\\\/#website\",\"url\":\"https:\\\/\\\/reggiadicaserta.cultura.gov.it\\\/\",\"name\":\"Reggia di Caserta\",\"description\":\"Vivi la meraviglia!\",\"potentialAction\":[{\"@type\":\"SearchAction\",\"target\":{\"@type\":\"EntryPoint\",\"urlTemplate\":\"https:\\\/\\\/reggiadicaserta.cultura.gov.it\\\/?s={search_term_string}\"},\"query-input\":{\"@type\":\"PropertyValueSpecification\",\"valueRequired\":true,\"valueName\":\"search_term_string\"}}],\"inLanguage\":\"es\"}]}<\/script>\n<!-- \/ Yoast SEO plugin. -->","yoast_head_json":{"title":"Contactos - Reggia di Caserta","robots":{"index":"index","follow":"follow","max-snippet":"max-snippet:-1","max-image-preview":"max-image-preview:large","max-video-preview":"max-video-preview:-1"},"canonical":"https:\/\/reggiadicaserta.cultura.gov.it\/es\/contactos\/","og_locale":"es_ES","og_type":"article","og_title":"Contactos - Reggia di Caserta","og_description":"CONTACTOS OFICINAS REAL SITIO DE CASERTA \u00c1REA FUNCIONAL 1: DIRECCI\u00d3N Secretario administrativo Fabio Rossi Prudente 0823 1491247 Secretar\u00eda del Director, relaciones con los \u00f3rganos institucionales, registro y gesti\u00f3n documental Domenico Esposito (Responsable de registro y gesti\u00f3n documental) 0823 1491203 Annamaria Cefalo 0823 1491203 Emanuela Cinotti 0823 1491202 Federica Fusco 0823 1491203 Veronica Russo\u00a00823 1491202 Concesiones...","og_url":"https:\/\/reggiadicaserta.cultura.gov.it\/es\/contactos\/","og_site_name":"Reggia di Caserta","article_modified_time":"2025-11-27T14:27:46+00:00","og_image":[{"width":2048,"height":1365,"url":"https:\/\/reggiadicaserta.cultura.gov.it\/wp-content\/uploads\/2022\/06\/Fb_pagina-ufficiale-Reggia-di-Caserta_copertina.jpg","type":"image\/jpeg"}],"twitter_card":"summary_large_image","twitter_misc":{"Tiempo de lectura":"3 minutos"},"schema":{"@context":"https:\/\/schema.org","@graph":[{"@type":"WebPage","@id":"https:\/\/reggiadicaserta.cultura.gov.it\/es\/contactos\/","url":"https:\/\/reggiadicaserta.cultura.gov.it\/es\/contactos\/","name":"Contactos - Reggia di Caserta","isPartOf":{"@id":"https:\/\/reggiadicaserta.cultura.gov.it\/#website"},"primaryImageOfPage":{"@id":"https:\/\/reggiadicaserta.cultura.gov.it\/es\/contactos\/#primaryimage"},"image":{"@id":"https:\/\/reggiadicaserta.cultura.gov.it\/es\/contactos\/#primaryimage"},"thumbnailUrl":"https:\/\/reggiadicaserta.cultura.gov.it\/wp-content\/uploads\/2022\/06\/Fb_pagina-ufficiale-Reggia-di-Caserta_copertina.jpg","datePublished":"2022-04-28T10:08:27+00:00","dateModified":"2025-11-27T14:27:46+00:00","inLanguage":"es","potentialAction":[{"@type":"ReadAction","target":["https:\/\/reggiadicaserta.cultura.gov.it\/es\/contactos\/"]}]},{"@type":"ImageObject","inLanguage":"es","@id":"https:\/\/reggiadicaserta.cultura.gov.it\/es\/contactos\/#primaryimage","url":"https:\/\/reggiadicaserta.cultura.gov.it\/wp-content\/uploads\/2022\/06\/Fb_pagina-ufficiale-Reggia-di-Caserta_copertina.jpg","contentUrl":"https:\/\/reggiadicaserta.cultura.gov.it\/wp-content\/uploads\/2022\/06\/Fb_pagina-ufficiale-Reggia-di-Caserta_copertina.jpg","width":2048,"height":1365},{"@type":"WebSite","@id":"https:\/\/reggiadicaserta.cultura.gov.it\/#website","url":"https:\/\/reggiadicaserta.cultura.gov.it\/","name":"Reggia di Caserta","description":"Vivi la meraviglia!","potentialAction":[{"@type":"SearchAction","target":{"@type":"EntryPoint","urlTemplate":"https:\/\/reggiadicaserta.cultura.gov.it\/?s={search_term_string}"},"query-input":{"@type":"PropertyValueSpecification","valueRequired":true,"valueName":"search_term_string"}}],"inLanguage":"es"}]}},"_links":{"self":[{"href":"https:\/\/reggiadicaserta.cultura.gov.it\/es\/wp-json\/wp\/v2\/pages\/32906","targetHints":{"allow":["GET"]}}],"collection":[{"href":"https:\/\/reggiadicaserta.cultura.gov.it\/es\/wp-json\/wp\/v2\/pages"}],"about":[{"href":"https:\/\/reggiadicaserta.cultura.gov.it\/es\/wp-json\/wp\/v2\/types\/page"}],"author":[{"embeddable":true,"href":"https:\/\/reggiadicaserta.cultura.gov.it\/es\/wp-json\/wp\/v2\/users\/3"}],"replies":[{"embeddable":true,"href":"https:\/\/reggiadicaserta.cultura.gov.it\/es\/wp-json\/wp\/v2\/comments?post=32906"}],"version-history":[{"count":2,"href":"https:\/\/reggiadicaserta.cultura.gov.it\/es\/wp-json\/wp\/v2\/pages\/32906\/revisions"}],"predecessor-version":[{"id":32948,"href":"https:\/\/reggiadicaserta.cultura.gov.it\/es\/wp-json\/wp\/v2\/pages\/32906\/revisions\/32948"}],"wp:featuredmedia":[{"embeddable":true,"href":"https:\/\/reggiadicaserta.cultura.gov.it\/es\/wp-json\/wp\/v2\/media\/32910"}],"wp:attachment":[{"href":"https:\/\/reggiadicaserta.cultura.gov.it\/es\/wp-json\/wp\/v2\/media?parent=32906"}],"curies":[{"name":"wp","href":"https:\/\/api.w.org\/{rel}","templated":true}]}}