{"id":32509,"date":"2022-04-13T11:30:42","date_gmt":"2022-04-13T09:30:42","guid":{"rendered":"https:\/\/reggiadicaserta.cultura.gov.it\/?page_id=32509"},"modified":"2025-12-10T13:34:55","modified_gmt":"2025-12-10T12:34:55","slug":"escucha-la-reggia","status":"publish","type":"page","link":"https:\/\/reggiadicaserta.cultura.gov.it\/es\/escucha-la-reggia\/","title":{"rendered":"Escucha la Reggia"},"content":{"rendered":"<p>El Palacio de Caserta acoge a sus p\u00fablicos tambi\u00e9n a trav\u00e9s de la sugesti\u00f3n de audio-relatos dedicados a su excepcional patrimonio art\u00edstico y natural. El descubrimiento de sus colecciones y de las bellezas del Parque Real y del Jard\u00edn Ingl\u00e9s se enriquece con la narraci\u00f3n de los personajes hist\u00f3ricos que las habitaron. Con el objetivo de involucrar nuevas modalidades narrativas, dar voz al Complejo vanvitelliano es hoy un deber hacia su conocimiento hist\u00f3rico y hacia su belleza.<\/p>\n","protected":false},"excerpt":{"rendered":"<p>El Palacio de Caserta acoge a sus p\u00fablicos tambi\u00e9n a trav\u00e9s de la sugesti\u00f3n de audio-relatos dedicados a su excepcional patrimonio art\u00edstico y natural. El descubrimiento de sus colecciones y de las bellezas del Parque Real y del Jard\u00edn Ingl\u00e9s se enriquece con la narraci\u00f3n de los personajes hist\u00f3ricos que las habitaron. Con el objetivo&#8230;<\/p>\n","protected":false},"author":3,"featured_media":32510,"parent":0,"menu_order":0,"comment_status":"closed","ping_status":"closed","template":"templ-digital-library.php","meta":{"_acf_changed":false,"content-type":"","footnotes":""},"class_list":["post-32509","page","type-page","status-publish","has-post-thumbnail","hentry"],"acf":[],"yoast_head":"<!-- This site is optimized with the Yoast SEO plugin v27.3 - https:\/\/yoast.com\/product\/yoast-seo-wordpress\/ -->\n<title>Escucha la Reggia - Reggia di Caserta<\/title>\n<meta name=\"robots\" content=\"index, follow, max-snippet:-1, max-image-preview:large, max-video-preview:-1\" \/>\n<link rel=\"canonical\" href=\"https:\/\/reggiadicaserta.cultura.gov.it\/es\/escucha-la-reggia\/\" \/>\n<meta property=\"og:locale\" content=\"es_ES\" \/>\n<meta property=\"og:type\" content=\"article\" \/>\n<meta property=\"og:title\" content=\"Escucha la Reggia - Reggia di Caserta\" \/>\n<meta property=\"og:description\" content=\"El Palacio de Caserta acoge a sus p\u00fablicos tambi\u00e9n a trav\u00e9s de la sugesti\u00f3n de audio-relatos dedicados a su excepcional patrimonio art\u00edstico y natural. El descubrimiento de sus colecciones y de las bellezas del Parque Real y del Jard\u00edn Ingl\u00e9s se enriquece con la narraci\u00f3n de los personajes hist\u00f3ricos que las habitaron. Con el objetivo...\" \/>\n<meta property=\"og:url\" content=\"https:\/\/reggiadicaserta.cultura.gov.it\/es\/escucha-la-reggia\/\" \/>\n<meta property=\"og:site_name\" content=\"Reggia di Caserta\" \/>\n<meta property=\"article:modified_time\" content=\"2025-12-10T12:34:55+00:00\" \/>\n<meta property=\"og:image\" content=\"https:\/\/reggiadicaserta.cultura.gov.it\/wp-content\/uploads\/2022\/04\/Foto-Fabio-Caricchia-1-scaled.jpg\" \/>\n\t<meta property=\"og:image:width\" content=\"2560\" \/>\n\t<meta property=\"og:image:height\" content=\"1704\" \/>\n\t<meta property=\"og:image:type\" content=\"image\/jpeg\" \/>\n<meta name=\"twitter:card\" content=\"summary_large_image\" \/>\n<meta name=\"twitter:label1\" content=\"Tiempo de lectura\" \/>\n\t<meta name=\"twitter:data1\" content=\"1 minuto\" \/>\n<script type=\"application\/ld+json\" class=\"yoast-schema-graph\">{\"@context\":\"https:\\\/\\\/schema.org\",\"@graph\":[{\"@type\":\"WebPage\",\"@id\":\"https:\\\/\\\/reggiadicaserta.cultura.gov.it\\\/es\\\/escucha-la-reggia\\\/\",\"url\":\"https:\\\/\\\/reggiadicaserta.cultura.gov.it\\\/es\\\/escucha-la-reggia\\\/\",\"name\":\"Escucha la Reggia - Reggia di Caserta\",\"isPartOf\":{\"@id\":\"https:\\\/\\\/reggiadicaserta.cultura.gov.it\\\/#website\"},\"primaryImageOfPage\":{\"@id\":\"https:\\\/\\\/reggiadicaserta.cultura.gov.it\\\/es\\\/escucha-la-reggia\\\/#primaryimage\"},\"image\":{\"@id\":\"https:\\\/\\\/reggiadicaserta.cultura.gov.it\\\/es\\\/escucha-la-reggia\\\/#primaryimage\"},\"thumbnailUrl\":\"https:\\\/\\\/reggiadicaserta.cultura.gov.it\\\/wp-content\\\/uploads\\\/2022\\\/04\\\/Foto-Fabio-Caricchia-1-scaled.jpg\",\"datePublished\":\"2022-04-13T09:30:42+00:00\",\"dateModified\":\"2025-12-10T12:34:55+00:00\",\"breadcrumb\":{\"@id\":\"https:\\\/\\\/reggiadicaserta.cultura.gov.it\\\/es\\\/escucha-la-reggia\\\/#breadcrumb\"},\"inLanguage\":\"es\",\"potentialAction\":[{\"@type\":\"ReadAction\",\"target\":[\"https:\\\/\\\/reggiadicaserta.cultura.gov.it\\\/es\\\/escucha-la-reggia\\\/\"]}]},{\"@type\":\"ImageObject\",\"inLanguage\":\"es\",\"@id\":\"https:\\\/\\\/reggiadicaserta.cultura.gov.it\\\/es\\\/escucha-la-reggia\\\/#primaryimage\",\"url\":\"https:\\\/\\\/reggiadicaserta.cultura.gov.it\\\/wp-content\\\/uploads\\\/2022\\\/04\\\/Foto-Fabio-Caricchia-1-scaled.jpg\",\"contentUrl\":\"https:\\\/\\\/reggiadicaserta.cultura.gov.it\\\/wp-content\\\/uploads\\\/2022\\\/04\\\/Foto-Fabio-Caricchia-1-scaled.jpg\",\"width\":2560,\"height\":1704},{\"@type\":\"BreadcrumbList\",\"@id\":\"https:\\\/\\\/reggiadicaserta.cultura.gov.it\\\/es\\\/escucha-la-reggia\\\/#breadcrumb\",\"itemListElement\":[{\"@type\":\"ListItem\",\"position\":1,\"name\":\"Escucha la Reggia\",\"item\":\"https:\\\/\\\/reggiadicaserta.cultura.gov.it\\\/es\\\/escucha-la-reggia\\\/\"},{\"@type\":\"ListItem\",\"position\":2,\"name\":\"Descubre el complejo\"}]},{\"@type\":\"WebSite\",\"@id\":\"https:\\\/\\\/reggiadicaserta.cultura.gov.it\\\/#website\",\"url\":\"https:\\\/\\\/reggiadicaserta.cultura.gov.it\\\/\",\"name\":\"Reggia di Caserta\",\"description\":\"Vivi la meraviglia!\",\"potentialAction\":[{\"@type\":\"SearchAction\",\"target\":{\"@type\":\"EntryPoint\",\"urlTemplate\":\"https:\\\/\\\/reggiadicaserta.cultura.gov.it\\\/?s={search_term_string}\"},\"query-input\":{\"@type\":\"PropertyValueSpecification\",\"valueRequired\":true,\"valueName\":\"search_term_string\"}}],\"inLanguage\":\"es\"}]}<\/script>\n<!-- \/ Yoast SEO plugin. -->","yoast_head_json":{"title":"Escucha la Reggia - Reggia di Caserta","robots":{"index":"index","follow":"follow","max-snippet":"max-snippet:-1","max-image-preview":"max-image-preview:large","max-video-preview":"max-video-preview:-1"},"canonical":"https:\/\/reggiadicaserta.cultura.gov.it\/es\/escucha-la-reggia\/","og_locale":"es_ES","og_type":"article","og_title":"Escucha la Reggia - Reggia di Caserta","og_description":"El Palacio de Caserta acoge a sus p\u00fablicos tambi\u00e9n a trav\u00e9s de la sugesti\u00f3n de audio-relatos dedicados a su excepcional patrimonio art\u00edstico y natural. El descubrimiento de sus colecciones y de las bellezas del Parque Real y del Jard\u00edn Ingl\u00e9s se enriquece con la narraci\u00f3n de los personajes hist\u00f3ricos que las habitaron. Con el objetivo...","og_url":"https:\/\/reggiadicaserta.cultura.gov.it\/es\/escucha-la-reggia\/","og_site_name":"Reggia di Caserta","article_modified_time":"2025-12-10T12:34:55+00:00","og_image":[{"width":2560,"height":1704,"url":"https:\/\/reggiadicaserta.cultura.gov.it\/wp-content\/uploads\/2022\/04\/Foto-Fabio-Caricchia-1-scaled.jpg","type":"image\/jpeg"}],"twitter_card":"summary_large_image","twitter_misc":{"Tiempo de lectura":"1 minuto"},"schema":{"@context":"https:\/\/schema.org","@graph":[{"@type":"WebPage","@id":"https:\/\/reggiadicaserta.cultura.gov.it\/es\/escucha-la-reggia\/","url":"https:\/\/reggiadicaserta.cultura.gov.it\/es\/escucha-la-reggia\/","name":"Escucha la Reggia - Reggia di Caserta","isPartOf":{"@id":"https:\/\/reggiadicaserta.cultura.gov.it\/#website"},"primaryImageOfPage":{"@id":"https:\/\/reggiadicaserta.cultura.gov.it\/es\/escucha-la-reggia\/#primaryimage"},"image":{"@id":"https:\/\/reggiadicaserta.cultura.gov.it\/es\/escucha-la-reggia\/#primaryimage"},"thumbnailUrl":"https:\/\/reggiadicaserta.cultura.gov.it\/wp-content\/uploads\/2022\/04\/Foto-Fabio-Caricchia-1-scaled.jpg","datePublished":"2022-04-13T09:30:42+00:00","dateModified":"2025-12-10T12:34:55+00:00","breadcrumb":{"@id":"https:\/\/reggiadicaserta.cultura.gov.it\/es\/escucha-la-reggia\/#breadcrumb"},"inLanguage":"es","potentialAction":[{"@type":"ReadAction","target":["https:\/\/reggiadicaserta.cultura.gov.it\/es\/escucha-la-reggia\/"]}]},{"@type":"ImageObject","inLanguage":"es","@id":"https:\/\/reggiadicaserta.cultura.gov.it\/es\/escucha-la-reggia\/#primaryimage","url":"https:\/\/reggiadicaserta.cultura.gov.it\/wp-content\/uploads\/2022\/04\/Foto-Fabio-Caricchia-1-scaled.jpg","contentUrl":"https:\/\/reggiadicaserta.cultura.gov.it\/wp-content\/uploads\/2022\/04\/Foto-Fabio-Caricchia-1-scaled.jpg","width":2560,"height":1704},{"@type":"BreadcrumbList","@id":"https:\/\/reggiadicaserta.cultura.gov.it\/es\/escucha-la-reggia\/#breadcrumb","itemListElement":[{"@type":"ListItem","position":1,"name":"Escucha la Reggia","item":"https:\/\/reggiadicaserta.cultura.gov.it\/es\/escucha-la-reggia\/"},{"@type":"ListItem","position":2,"name":"Descubre el complejo"}]},{"@type":"WebSite","@id":"https:\/\/reggiadicaserta.cultura.gov.it\/#website","url":"https:\/\/reggiadicaserta.cultura.gov.it\/","name":"Reggia di Caserta","description":"Vivi la meraviglia!","potentialAction":[{"@type":"SearchAction","target":{"@type":"EntryPoint","urlTemplate":"https:\/\/reggiadicaserta.cultura.gov.it\/?s={search_term_string}"},"query-input":{"@type":"PropertyValueSpecification","valueRequired":true,"valueName":"search_term_string"}}],"inLanguage":"es"}]}},"_links":{"self":[{"href":"https:\/\/reggiadicaserta.cultura.gov.it\/es\/wp-json\/wp\/v2\/pages\/32509","targetHints":{"allow":["GET"]}}],"collection":[{"href":"https:\/\/reggiadicaserta.cultura.gov.it\/es\/wp-json\/wp\/v2\/pages"}],"about":[{"href":"https:\/\/reggiadicaserta.cultura.gov.it\/es\/wp-json\/wp\/v2\/types\/page"}],"author":[{"embeddable":true,"href":"https:\/\/reggiadicaserta.cultura.gov.it\/es\/wp-json\/wp\/v2\/users\/3"}],"replies":[{"embeddable":true,"href":"https:\/\/reggiadicaserta.cultura.gov.it\/es\/wp-json\/wp\/v2\/comments?post=32509"}],"version-history":[{"count":1,"href":"https:\/\/reggiadicaserta.cultura.gov.it\/es\/wp-json\/wp\/v2\/pages\/32509\/revisions"}],"predecessor-version":[{"id":32511,"href":"https:\/\/reggiadicaserta.cultura.gov.it\/es\/wp-json\/wp\/v2\/pages\/32509\/revisions\/32511"}],"wp:featuredmedia":[{"embeddable":true,"href":"https:\/\/reggiadicaserta.cultura.gov.it\/es\/wp-json\/wp\/v2\/media\/32510"}],"wp:attachment":[{"href":"https:\/\/reggiadicaserta.cultura.gov.it\/es\/wp-json\/wp\/v2\/media?parent=32509"}],"curies":[{"name":"wp","href":"https:\/\/api.w.org\/{rel}","templated":true}]}}